{"id":3,"date":"2025-07-04T20:19:59","date_gmt":"2025-07-04T20:19:59","guid":{"rendered":"http:\/\/cabolivingmx.com\/?page_id=3"},"modified":"2025-10-11T23:52:05","modified_gmt":"2025-10-11T23:52:05","slug":"privacy-policy","status":"publish","type":"page","link":"https:\/\/cabolivingmx.com\/es_mx\/privacy-policy\/","title":{"rendered":"Aviso de Privacidad"},"content":{"rendered":"\n<div class=\"wp-block-stackable-spacer stk-block-spacer stk--no-padding stk-block stk-7d0ce6a\" data-block-id=\"7d0ce6a\"><style>.stk-7d0ce6a {height:150px !important;}<\/style><\/div>\n\n\n\n<div class=\"wp-block-stackable-columns alignfull stk-block-columns stk-block stk-854bff9\" data-block-id=\"854bff9\"><style>.stk-854bff9 {margin-top:var(--stk--preset--spacing--70, 3.38rem) !important;margin-bottom:var(--stk--preset--spacing--70, 3.38rem) !important;}<\/style><div class=\"stk-row stk-inner-blocks stk-block-content stk-content-align stk-854bff9-column alignwide\">\n<div class=\"wp-block-stackable-column stk-block-column stk-column stk-block stk-5d9a149\" data-v=\"4\" data-block-id=\"5d9a149\"><div class=\"stk-column-wrapper stk-block-column__content stk-container stk-5d9a149-container stk--no-background stk--no-padding\"><div class=\"stk-block-content stk-inner-blocks stk-5d9a149-inner-blocks\">\n<div class=\"wp-block-stackable-heading stk-block-heading stk-block-heading--v2 stk-block stk-f1ca93c\" id=\"heading-placeholder\" data-block-id=\"f1ca93c\"><style>.stk-f1ca93c {padding-right:15px !important;padding-left:15px !important;}<\/style><h1 class=\"stk-block-heading__text\">Aviso de Privacidad Integral \u2014 CaboLiving<\/h1><\/div>\n<\/div><\/div><\/div>\n<\/div><\/div>\n\n\n\n<div class=\"wp-block-stackable-text stk-block-text stk-block stk-895a490\" data-block-id=\"895a490\"><style>@media screen and (max-width: 767px){.stk-895a490 {padding-right:15px !important;padding-left:15px !important;}}<\/style><p class=\"stk-block-text__text\">Jessica Berenice Rodr\u00edguez y V\u00edctor Hugo Flores (en lo sucesivo \u201cEl Responsable\u201d), con domicilio ubicado en Calle Miguel \u00c1ngel Herrera, s\/n, colonia Lienzo Charro, Edificio Altaterra, Cabo San Lucas, Baja California Sur, M\u00e9xico, reconocen la importancia que tiene el tratamiento leg\u00edtimo, controlado e informado de datos personales, por lo que ponen a disposici\u00f3n de sus clientes (en lo sucesivo el \u201cTitular\u201d) el presente Aviso de Privacidad Integral (en lo sucesivo el \u201cAviso de Privacidad\u201d), mismo que ser\u00e1 aplicable a la informaci\u00f3n proporcionada en la contrataci\u00f3n de nuestros servicios o la recabada desde nuestras redes sociales oficiales (\u201cRedes Sociales\u201d), sitio web oficial (https:\/\/cabolivingmx.com\/), en nuestras oficinas y\/o a trav\u00e9s de nuestros agentes de venta (\u201cAsesores inmobiliarios\u201d).<\/p><\/div>\n\n\n\n<div class=\"wp-block-uagb-advanced-heading uagb-block-c1a33b4a\"><h2 class=\"uagb-heading-text\">Informaci\u00f3n, dudas y aclaraciones<\/h2><\/div>\n\n\n\n<div class=\"wp-block-stackable-text stk-block-text stk-block stk-11e3d41\" data-block-id=\"11e3d41\"><style>.stk-11e3d41 {padding-right:15px !important;padding-left:15px !important;}<\/style><p class=\"stk-block-text__text\">Domicilio: Calle Miguel \u00c1ngel Herrera, s\/n, colonia Lienzo Charro, Edificio Altaterra, Cabo San Lucas, Baja California Sur, M\u00e9xico<br>Tel\u00e9fono: 624 119 9039<br>Correos electr\u00f3nicos: vhcfloresweb@gmail.com, jessrgz.realestate@gmail.com<br>Horario de atenci\u00f3n: Lunes a viernes de 9:00 a.m. a 5:00 p.m.<\/p><\/div>\n\n\n\n<p><\/p>\n\n\n\n<div class=\"wp-block-stackable-heading stk-block-heading stk-block-heading--v2 stk-block stk-89f5e72\" id=\"1-que-datos-personales-recabamos-de-nuestros-clientes-y-o-usuarios\" data-block-id=\"89f5e72\"><style>.stk-89f5e72 {padding-top:30px !important;padding-right:15px !important;padding-bottom:30px !important;padding-left:15px !important;margin-top:50px !important;}<\/style><h2 class=\"stk-block-heading__text\">1.- \u00bfQu\u00e9 datos personales recabamos de nuestros clientes y\/o usuarios?<\/h2><\/div>\n\n\n\n<div class=\"wp-block-stackable-text stk-block-text stk-block stk-ded8f15\" data-block-id=\"ded8f15\"><style>@media screen and (max-width: 767px){.stk-ded8f15 {padding-right:15px !important;padding-left:15px !important;}}<\/style><p class=\"stk-block-text__text\">Si usted nos contacta con fines de prospecci\u00f3n, promoci\u00f3n y venta o est\u00e1 interesado en alg\u00fan bien inmueble de nuestro cat\u00e1logo de productos, le solicitaremos los siguientes datos de identificaci\u00f3n:<\/p><\/div>\n\n\n\n<ul style=\"margin-right:15px;margin-left:15px;padding-right:15px;padding-left:15px\" class=\"wp-block-list\">\n<li>Nombre y apellidos<\/li>\n\n\n\n<li>Edad<\/li>\n\n\n\n<li>Sexo<\/li>\n\n\n\n<li>Estado civil<\/li>\n\n\n\n<li>Clave \u00danica de Registro de Poblaci\u00f3n (CURP)<\/li>\n\n\n\n<li>Domicilio<\/li>\n\n\n\n<li>Tel\u00e9fono fijo y celular<\/li>\n\n\n\n<li>Correo electr\u00f3nico<\/li>\n<\/ul>\n\n\n\n<div class=\"wp-block-stackable-text stk-block-text stk-block stk-75c9a53\" data-block-id=\"75c9a53\"><style>@media screen and (max-width: 767px){.stk-75c9a53 {padding-right:15px !important;padding-left:15px !important;}}<\/style><p class=\"stk-block-text__text\">Si usted ya entabl\u00f3 una relaci\u00f3n comercial con \u201cEl Responsable\u201d para comprar o vender una propiedad, le solicitaremos los siguientes datos personales adicionales, dependiendo de la naturaleza del servicio principal:<\/p><\/div>\n\n\n\n<ul style=\"margin-right:15px;margin-left:15px;padding-right:15px;padding-left:15px\" class=\"wp-block-list\">\n<li>Credencial expedida por el Instituto Nacional Electoral (INE), licencia de conducir, pasaporte, u otra identificaci\u00f3n oficial<\/li>\n\n\n\n<li>Fecha de nacimiento<\/li>\n\n\n\n<li>Informaci\u00f3n bancaria (n\u00famero de cuenta, CLABE, instituci\u00f3n financiera)<\/li>\n\n\n\n<li>Estado de cuenta bancario<\/li>\n\n\n\n<li>Actividad y\/o giro comercial<\/li>\n\n\n\n<li>Historial crediticio<\/li>\n\n\n\n<li>Registro Federal de Contribuyentes (RFC)<\/li>\n\n\n\n<li>Domicilio fiscal<\/li>\n\n\n\n<li>Escrituras p\u00fablicas de propiedad<\/li>\n\n\n\n<li>Recibos de luz y agua<\/li>\n\n\n\n<li>Certificado de libertad de gravamen<\/li>\n\n\n\n<li>Planos de propiedad<\/li>\n\n\n\n<li>N\u00famero oficial, predial y clave catastral expedida por fedatario p\u00fablico<\/li>\n<\/ul>\n\n\n\n<div class=\"wp-block-stackable-heading stk-block-heading stk-block-heading--v2 stk-block stk-c84e78d\" id=\"2-como-recabamos-sus-datos-personales\" data-block-id=\"c84e78d\"><style>.stk-c84e78d {padding-right:15px !important;padding-left:15px !important;margin-top:50px !important;margin-bottom:30px !important;}<\/style><h2 class=\"stk-block-heading__text\">2.- \u00bfC\u00f3mo recabamos sus datos personales?<\/h2><\/div>\n\n\n\n<ul style=\"margin-right:15px;margin-left:15px;padding-right:15px;padding-left:15px\" class=\"wp-block-list\">\n<li>De manera personal en nuestras oficinas<\/li>\n\n\n\n<li>Por conducto de nuestros asesores inmobiliarios<\/li>\n\n\n\n<li>De forma directa mediante nuestras redes sociales oficiales<\/li>\n\n\n\n<li>De forma directa cuando usted proporciona sus datos a trav\u00e9s de nuestro sitio web<\/li>\n<\/ul>\n\n\n\n<div class=\"wp-block-stackable-heading stk-block-heading stk-block-heading--v2 stk-block stk-47c9a79\" id=\"3-para-que-usamos-sus-datos-personales\" data-block-id=\"47c9a79\"><style>.stk-47c9a79 {padding-right:15px !important;padding-left:15px !important;margin-top:50px !important;margin-bottom:30px !important;}<\/style><h2 class=\"stk-block-heading__text\">3.- \u00bfPara qu\u00e9 usamos sus datos personales?<\/h2><\/div>\n\n\n\n<div class=\"wp-block-stackable-text stk-block-text stk-block stk-6b2d6f5\" data-block-id=\"6b2d6f5\"><style>@media screen and (max-width: 767px){.stk-6b2d6f5 {padding-right:15px !important;padding-left:15px !important;}}<\/style><p class=\"stk-block-text__text\"><strong>Fines principales:<\/strong><\/p><\/div>\n\n\n\n<ul style=\"margin-right:15px;margin-left:15px;padding-right:15px;padding-left:15px\" class=\"wp-block-list\">\n<li>Brindar consultas y asesor\u00eda inmobiliaria<\/li>\n\n\n\n<li>Cumplimiento de la ley<\/li>\n\n\n\n<li>Dar certeza jur\u00eddica a nuestros actos<\/li>\n\n\n\n<li>Cumplimiento de la Ley Federal para la Prevenci\u00f3n e Identificaci\u00f3n de Operaciones con Recursos de Procedencia Il\u00edcita<\/li>\n\n\n\n<li>Cumplimiento de contratos de intermediaci\u00f3n<\/li>\n\n\n\n<li>Gestionar cartas de intenci\u00f3n o solicitudes de compra<\/li>\n\n\n\n<li>Confirmar identidad para determinar factibilidad jur\u00eddica o comercial<\/li>\n<\/ul>\n\n\n\n<div class=\"wp-block-stackable-text stk-block-text stk-block stk-0866fd8\" data-block-id=\"0866fd8\"><style>@media screen and (max-width: 767px){.stk-0866fd8 {padding-right:15px !important;padding-left:15px !important;}}<\/style><p class=\"stk-block-text__text\"><strong>Fines secundarios:<\/strong><\/p><\/div>\n\n\n\n<ul style=\"margin-right:15px;margin-left:15px;padding-right:15px;padding-left:15px\" class=\"wp-block-list\">\n<li>Marketing publicitario y prospecci\u00f3n comercial<\/li>\n\n\n\n<li>Env\u00edo de novedades, promociones y preventas inmobiliarias<\/li>\n\n\n\n<li>Asesor\u00eda post-venta<\/li>\n\n\n\n<li>Elaboraci\u00f3n y env\u00edo de facturas<\/li>\n\n\n\n<li>Si no est\u00e1 de acuerdo en que sus datos se usen para fines secundarios, puede manifestarlo contact\u00e1ndonos.<\/li>\n<\/ul>\n\n\n\n<div class=\"wp-block-stackable-heading stk-block-heading stk-block-heading--v2 stk-block stk-7944f78\" id=\"4-consentimiento-del-tratamiento-de-datos-personales\" data-block-id=\"7944f78\"><style>.stk-7944f78 {padding-right:15px !important;padding-left:15px !important;margin-top:50px !important;margin-bottom:30px !important;}<\/style><h2 class=\"stk-block-heading__text\">4.- Consentimiento del tratamiento de datos personales<\/h2><\/div>\n\n\n\n<p style=\"margin-right:0px;margin-left:0px;padding-right:15px;padding-left:15px\">El \u201cTitular\u201d otorga consentimiento de forma expresa o t\u00e1cita, seg\u00fan corresponda, y cuenta con 8 d\u00edas h\u00e1biles para oponerse al tratamiento mediante los mecanismos de derechos ARCO.<\/p>\n\n\n\n<p style=\"margin-top:30px;margin-right:15px;margin-bottom:30px;margin-left:15px;padding-right:2px;padding-left:2px\">www.cabolivingmx.com es responsable del uso y protecci\u00f3n de los datos personales que nos proporcione. Recabamos datos como nombre, correo y tel\u00e9fono para contactarle, ofrecerle propiedades y enviarle informaci\u00f3n relevante del sector inmobiliario. Puede ejercer sus derechos ARCO y conocer el aviso completo en [enlace al aviso de privacidad]. \u00daltima actualizaci\u00f3n: 8 de agosto de 2025.<\/p>\n\n\n\n<div class=\"wp-block-stackable-spacer stk-block-spacer stk--no-padding stk-block stk-cd132d0\" data-block-id=\"cd132d0\"><\/div>\n","protected":false},"excerpt":{"rendered":"<p>Aviso de Privacidad Integral \u2014 CaboLiving Jessica Berenice Rodr\u00edguez y V\u00edctor Hugo Flores (en lo sucesivo \u201cEl Responsable\u201d), con domicilio ubicado en Calle Miguel \u00c1ngel Herrera, s\/n, colonia Lienzo Charro, Edificio Altaterra, Cabo San Lucas, Baja California Sur, M\u00e9xico, reconocen la importancia que tiene el tratamiento leg\u00edtimo, controlado e informado de datos personales, por lo [&hellip;]<\/p>\n","protected":false},"author":1,"featured_media":0,"parent":0,"menu_order":0,"comment_status":"closed","ping_status":"open","template":"","meta":{"_uag_custom_page_level_css":"","site-sidebar-layout":"default","site-content-layout":"","ast-site-content-layout":"default","site-content-style":"default","site-sidebar-style":"default","ast-global-header-display":"","ast-banner-title-visibility":"","ast-main-header-display":"","ast-hfb-above-header-display":"","ast-hfb-below-header-display":"","ast-hfb-mobile-header-display":"","site-post-title":"disabled","ast-breadcrumbs-content":"","ast-featured-img":"","footer-sml-layout":"","theme-transparent-header-meta":"","adv-header-id-meta":"","stick-header-meta":"","header-above-stick-meta":"","header-main-stick-meta":"","header-below-stick-meta":"","astra-migrate-meta-layouts":"set","ast-page-background-enabled":"default","ast-page-background-meta":{"desktop":{"background-color":"var(--ast-global-color-4)","background-image":"","background-repeat":"repeat","background-position":"center center","background-size":"auto","background-attachment":"scroll","background-type":"","background-media":"","overlay-type":"","overlay-color":"","overlay-opacity":"","overlay-gradient":""},"tablet":{"background-color":"","background-image":"","background-repeat":"repeat","background-position":"center center","background-size":"auto","background-attachment":"scroll","background-type":"","background-media":"","overlay-type":"","overlay-color":"","overlay-opacity":"","overlay-gradient":""},"mobile":{"background-color":"","background-image":"","background-repeat":"repeat","background-position":"center center","background-size":"auto","background-attachment":"scroll","background-type":"","background-media":"","overlay-type":"","overlay-color":"","overlay-opacity":"","overlay-gradient":""}},"ast-content-background-meta":{"desktop":{"background-color":"var(--ast-global-color-5)","background-image":"","background-repeat":"repeat","background-position":"center center","background-size":"auto","background-attachment":"scroll","background-type":"","background-media":"","overlay-type":"","overlay-color":"","overlay-opacity":"","overlay-gradient":""},"tablet":{"background-color":"var(--ast-global-color-5)","background-image":"","background-repeat":"repeat","background-position":"center center","background-size":"auto","background-attachment":"scroll","background-type":"","background-media":"","overlay-type":"","overlay-color":"","overlay-opacity":"","overlay-gradient":""},"mobile":{"background-color":"var(--ast-global-color-5)","background-image":"","background-repeat":"repeat","background-position":"center center","background-size":"auto","background-attachment":"scroll","background-type":"","background-media":"","overlay-type":"","overlay-color":"","overlay-opacity":"","overlay-gradient":""}},"footnotes":""},"class_list":["post-3","page","type-page","status-publish","hentry"],"uagb_featured_image_src":{"full":false,"thumbnail":false,"medium":false,"medium_large":false,"large":false,"1536x1536":false,"2048x2048":false,"trp-custom-language-flag":false},"uagb_author_info":{"display_name":"vhcfloresweb@gmail.com","author_link":"https:\/\/cabolivingmx.com\/es_mx\/author\/vhcfloreswebgmail-com\/"},"uagb_comment_info":0,"uagb_excerpt":"Aviso de Privacidad Integral \u2014 CaboLiving Jessica Berenice Rodr\u00edguez y V\u00edctor Hugo Flores (en lo sucesivo \u201cEl Responsable\u201d), con domicilio ubicado en Calle Miguel \u00c1ngel Herrera, s\/n, colonia Lienzo Charro, Edificio Altaterra, Cabo San Lucas, Baja California Sur, M\u00e9xico, reconocen la importancia que tiene el tratamiento leg\u00edtimo, controlado e informado de datos personales, por lo&hellip;","_links":{"self":[{"href":"https:\/\/cabolivingmx.com\/es_mx\/wp-json\/wp\/v2\/pages\/3","targetHints":{"allow":["GET"]}}],"collection":[{"href":"https:\/\/cabolivingmx.com\/es_mx\/wp-json\/wp\/v2\/pages"}],"about":[{"href":"https:\/\/cabolivingmx.com\/es_mx\/wp-json\/wp\/v2\/types\/page"}],"author":[{"embeddable":true,"href":"https:\/\/cabolivingmx.com\/es_mx\/wp-json\/wp\/v2\/users\/1"}],"replies":[{"embeddable":true,"href":"https:\/\/cabolivingmx.com\/es_mx\/wp-json\/wp\/v2\/comments?post=3"}],"version-history":[{"count":40,"href":"https:\/\/cabolivingmx.com\/es_mx\/wp-json\/wp\/v2\/pages\/3\/revisions"}],"predecessor-version":[{"id":4027,"href":"https:\/\/cabolivingmx.com\/es_mx\/wp-json\/wp\/v2\/pages\/3\/revisions\/4027"}],"wp:attachment":[{"href":"https:\/\/cabolivingmx.com\/es_mx\/wp-json\/wp\/v2\/media?parent=3"}],"curies":[{"name":"wp","href":"https:\/\/api.w.org\/{rel}","templated":true}]}}