{"id":1324,"date":"2025-07-04T21:04:17","date_gmt":"2025-07-04T21:04:17","guid":{"rendered":"https:\/\/darkslateblue-nightingale-865117.hostingersite.com\/about\/"},"modified":"2025-10-11T20:51:08","modified_gmt":"2025-10-11T20:51:08","slug":"about","status":"publish","type":"page","link":"https:\/\/cabolivingmx.com\/es_mx\/about\/","title":{"rendered":"Con\u00f3cenos"},"content":{"rendered":"\n<div class=\"wp-block-stackable-spacer stk-block-spacer stk--no-padding stk-block stk-2619cce\" data-block-id=\"2619cce\"><style>.stk-2619cce {height:100px !important;}@media screen and (max-width: 1023px){.stk-2619cce {height:75px !important;}}<\/style><\/div>\n\n\n\n<div class=\"wp-block-uagb-container uagb-block-3ad17e27 alignfull uagb-is-root-container\"><div class=\"uagb-container-inner-blocks-wrap\">\n<div class=\"wp-block-uagb-advanced-heading uagb-block-8a1eebc0\"><h1 class=\"uagb-heading-text\">Con\u00f3cenos<\/h1><\/div>\n<\/div><\/div>\n\n\n\n<div class=\"wp-block-stackable-heading stk-block-heading stk-block-heading--v2 stk-block stk-32490b1\" id=\"somos-un-equipo-altamente-colaborativo-y-solidario-que-trabaja-en-conjunto-en-cada-proyecto-para-garantizar-que-nuestros-clientes-obtengan-los-mejores-resultados-posibles\" data-block-id=\"32490b1\"><style>.stk-32490b1 {align-items:center !important;padding-top:var(--stk--preset--spacing--none, 0px) !important;padding-right:0rem !important;padding-bottom:var(--stk--preset--spacing--none, 0px) !important;padding-left:0rem !important;margin-top:var(--stk--preset--spacing--70, 3.38rem) !important;margin-right:4rem !important;margin-bottom:var(--stk--preset--spacing--70, 3.38rem) !important;margin-left:4rem !important;display:flex !important;}@media screen and (max-width: 1023px){.stk-32490b1 {padding-right:0px !important;padding-left:0px !important;}}@media screen and (max-width: 767px){.stk-32490b1 {padding-right:30px !important;padding-left:30px !important;margin-right:0px !important;margin-left:0px !important;}}<\/style><h4 class=\"stk-block-heading__text has-text-align-center\">&#8220;Somos un equipo altamente colaborativo y solidario, que trabaja en conjunto en cada proyecto para garantizar que nuestros clientes obtengan los mejores resultados posibles.&#8221;<\/h4><\/div>\n\n\n\n<div class=\"wp-block-stackable-columns alignfull stk-block-columns stk-block stk-84be71d\" data-block-id=\"84be71d\"><style>.stk-84be71d {margin-top:var(--stk--preset--spacing--70, 3.38rem) !important;margin-bottom:var(--stk--preset--spacing--70, 3.38rem) !important;}<\/style><div class=\"stk-row stk-inner-blocks stk-block-content stk-content-align stk-84be71d-column alignwide\">\n<div class=\"wp-block-stackable-column stk-block-column stk-column stk-block stk-bfa437f\" data-v=\"4\" data-block-id=\"bfa437f\"><div class=\"stk-column-wrapper stk-block-column__content stk-container stk-bfa437f-container stk--no-background stk--no-padding\"><div class=\"stk-block-content stk-inner-blocks stk-bfa437f-inner-blocks\">\n<div class=\"wp-block-stackable-columns stk-block-columns stk-block stk-e4c1a08\" data-block-id=\"e4c1a08\"><style>.stk-e4c1a08 .stk--block-align-e4c1a08{align-items:center !important;}.stk-e4c1a08 {margin-bottom:42px !important;}<\/style><div class=\"stk-row stk-inner-blocks stk--block-align-e4c1a08 stk-block-content stk-content-align stk-e4c1a08-column\">\n<div class=\"wp-block-stackable-column stk-block-column stk-column stk-block stk-e4ceab1\" data-v=\"4\" data-block-id=\"e4ceab1\"><div class=\"stk-column-wrapper stk-block-column__content stk-container stk-e4ceab1-container stk--no-background stk--no-padding\"><div class=\"stk-block-content stk-inner-blocks stk-e4ceab1-inner-blocks\">\n<div class=\"wp-block-stackable-image stk-block-image stk-block stk-492d734\" data-block-id=\"492d734\"><figure><span class=\"stk-img-wrapper stk-image--shape-stretch\"><img loading=\"lazy\" decoding=\"async\" class=\"stk-img wp-image-3101\" src=\"https:\/\/cabolivingmx.com\/wp-content\/uploads\/2025\/07\/IMG_8669-scaled.jpg\" width=\"2453\" height=\"2560\" srcset=\"https:\/\/cabolivingmx.com\/wp-content\/uploads\/2025\/07\/IMG_8669-scaled.jpg 2453w, https:\/\/cabolivingmx.com\/wp-content\/uploads\/2025\/07\/IMG_8669-287x300.jpg 287w, https:\/\/cabolivingmx.com\/wp-content\/uploads\/2025\/07\/IMG_8669-981x1024.jpg 981w, https:\/\/cabolivingmx.com\/wp-content\/uploads\/2025\/07\/IMG_8669-768x801.jpg 768w, https:\/\/cabolivingmx.com\/wp-content\/uploads\/2025\/07\/IMG_8669-1472x1536.jpg 1472w, https:\/\/cabolivingmx.com\/wp-content\/uploads\/2025\/07\/IMG_8669-1963x2048.jpg 1963w\" sizes=\"auto, (max-width: 2453px) 100vw, 2453px\" \/><\/span><\/figure><\/div>\n\n\n\n<div class=\"wp-block-stackable-button-group stk-block-button-group stk-block stk-d19f510\" data-block-id=\"d19f510\"><div class=\"stk-row stk-inner-blocks has-text-align-center stk-block-content stk-button-group\">\n<div class=\"wp-block-stackable-icon-button stk-block-icon-button stk-block stk-689f88e\" data-block-id=\"689f88e\"><style>.stk-689f88e .stk-button{background:var(--ast-global-color-1) !important;}<\/style><a class=\"stk-link stk-button stk--hover-effect-darken\" href=\"https:\/\/www.facebook.com\/vhcflores\"><span class=\"stk--svg-wrapper\"><div class=\"stk--inner-svg\"><svg data-prefix=\"fab\" data-icon=\"facebook-square\" class=\"svg-inline--fa fa-facebook-square fa-w-14\" xmlns=\"http:\/\/www.w3.org\/2000\/svg\" viewBox=\"0 0 448 512\" aria-hidden=\"true\" width=\"32\" height=\"32\"><path fill=\"currentColor\" d=\"M400 32H48A48 48 0 0 0 0 80v352a48 48 0 0 0 48 48h137.25V327.69h-63V256h63v-54.64c0-62.15 37-96.48 93.67-96.48 27.14 0 55.52 4.84 55.52 4.84v61h-31.27c-30.81 0-40.42 19.12-40.42 38.73V256h68.78l-11 71.69h-57.78V480H400a48 48 0 0 0 48-48V80a48 48 0 0 0-48-48z\"><\/path><\/svg><\/div><\/span><\/a><\/div>\n\n\n\n<div class=\"wp-block-stackable-icon-button stk-block-icon-button stk-block stk-25968f6\" data-block-id=\"25968f6\"><style>.stk-25968f6 .stk-button{background:var(--ast-global-color-1) !important;}<\/style><a class=\"stk-link stk-button stk--hover-effect-darken\" href=\"https:\/\/www.instagram.com\/vicalow\/\"><span class=\"stk--svg-wrapper\"><div class=\"stk--inner-svg\"><svg data-prefix=\"fab\" data-icon=\"instagram\" class=\"svg-inline--fa fa-instagram fa-w-14\" xmlns=\"http:\/\/www.w3.org\/2000\/svg\" viewBox=\"0 0 448 512\" aria-hidden=\"true\" width=\"32\" height=\"32\"><path fill=\"currentColor\" d=\"M224.1 141c-63.6 0-114.9 51.3-114.9 114.9s51.3 114.9 114.9 114.9S339 319.5 339 255.9 287.7 141 224.1 141zm0 189.6c-41.1 0-74.7-33.5-74.7-74.7s33.5-74.7 74.7-74.7 74.7 33.5 74.7 74.7-33.6 74.7-74.7 74.7zm146.4-194.3c0 14.9-12 26.8-26.8 26.8-14.9 0-26.8-12-26.8-26.8s12-26.8 26.8-26.8 26.8 12 26.8 26.8zm76.1 27.2c-1.7-35.9-9.9-67.7-36.2-93.9-26.2-26.2-58-34.4-93.9-36.2-37-2.1-147.9-2.1-184.9 0-35.8 1.7-67.6 9.9-93.9 36.1s-34.4 58-36.2 93.9c-2.1 37-2.1 147.9 0 184.9 1.7 35.9 9.9 67.7 36.2 93.9s58 34.4 93.9 36.2c37 2.1 147.9 2.1 184.9 0 35.9-1.7 67.7-9.9 93.9-36.2 26.2-26.2 34.4-58 36.2-93.9 2.1-37 2.1-147.8 0-184.8zM398.8 388c-7.8 19.6-22.9 34.7-42.6 42.6-29.5 11.7-99.5 9-132.1 9s-102.7 2.6-132.1-9c-19.6-7.8-34.7-22.9-42.6-42.6-11.7-29.5-9-99.5-9-132.1s-2.6-102.7 9-132.1c7.8-19.6 22.9-34.7 42.6-42.6 29.5-11.7 99.5-9 132.1-9s102.7-2.6 132.1 9c19.6 7.8 34.7 22.9 42.6 42.6 11.7 29.5 9 99.5 9 132.1s2.7 102.7-9 132.1z\"><\/path><\/svg><\/div><\/span><\/a><\/div>\n\n\n\n<div class=\"wp-block-stackable-icon-button stk-block-icon-button stk-block stk-8bd8977\" data-block-id=\"8bd8977\"><style>.stk-8bd8977 .stk-button{background:var(--ast-global-color-1) !important;}<\/style><a class=\"stk-link stk-button stk--hover-effect-darken\" href=\"https:\/\/cabolivingmx.com\/contact\/\"><span class=\"stk--svg-wrapper\"><div class=\"stk--inner-svg\"><svg xmlns=\"http:\/\/www.w3.org\/2000\/svg\" viewBox=\"0 0 512 512\" aria-hidden=\"true\" width=\"32\" height=\"32\"><path d=\"M64 112c-8.8 0-16 7.2-16 16v22.1L220.5 291.7c20.7 17 50.4 17 71.1 0L464 150.1V128c0-8.8-7.2-16-16-16H64zM48 212.2V384c0 8.8 7.2 16 16 16H448c8.8 0 16-7.2 16-16V212.2L322 328.8c-38.4 31.5-93.7 31.5-132 0L48 212.2zM0 128C0 92.7 28.7 64 64 64H448c35.3 0 64 28.7 64 64V384c0 35.3-28.7 64-64 64H64c-35.3 0-64-28.7-64-64V128z\"><\/path><\/svg><\/div><\/span><\/a><\/div>\n<\/div><\/div>\n<\/div><\/div><\/div>\n\n\n\n<div class=\"wp-block-stackable-column stk-block-column stk-column stk-block stk-53c4418\" data-v=\"4\" data-block-id=\"53c4418\"><div class=\"stk-column-wrapper stk-block-column__content stk-container stk-53c4418-container stk--no-background stk--no-padding\"><div class=\"stk-block-content stk-inner-blocks stk-53c4418-inner-blocks\">\n<div class=\"wp-block-stackable-heading stk-block-heading stk-block-heading--v2 stk-block stk-16cca6a\" id=\"title-1-placeholder\" data-block-id=\"16cca6a\"><style>.stk-16cca6a {margin-bottom:1px !important;}<\/style><h3 class=\"stk-block-heading__text has-text-align-center\">Victor Flores<\/h3><\/div>\n\n\n\n<div class=\"wp-block-stackable-subtitle stk-block-subtitle stk-block stk-19d3cd7\" data-block-id=\"19d3cd7\"><style>.stk-19d3cd7 .stk-block-subtitle__text{font-size:var(--stk--preset--font-size--medium, 1rem) !important;}@media screen and (max-width: 1023px){.stk-19d3cd7 .stk-block-subtitle__text{font-size:var(--stk--preset--font-size--medium, 1rem) !important;}}<\/style><p class=\"stk-block-subtitle__text stk-subtitle has-text-align-center\">Asesor Inmobiliario<\/p><\/div>\n\n\n\n<div class=\"wp-block-stackable-text stk-block-text stk-block stk-5afa172\" data-block-id=\"5afa172\"><p class=\"stk-block-text__text has-text-align-center\">\u00a1Hola! Soy V\u00edctor Flores, venezolano viviendo en Cabo San Lucas desde hace 6 a\u00f1os. Llegu\u00e9 con una sola meta: crecer, conectar y brindar un servicio de calidad en lo que mejor s\u00e9 hacer \u2014 vender y asesorar.<\/p><\/div>\n\n\n\n<p class=\"has-text-align-center\">Con m\u00e1s de una d\u00e9cada de experiencia en ventas y una gran pasi\u00f3n por los bienes ra\u00edces, hoy ayudo a personas a encontrar no solo una propiedad, sino el lugar ideal para vivir, invertir o so\u00f1ar frente al mar.<\/p>\n\n\n\n<p class=\"has-text-align-center\">Soy apasionado, transparente y comprometido con mis clientes. Cada proyecto lo vivo como si fuera m\u00edo, porque entiendo que m\u00e1s que un inmueble, est\u00e1s buscando un estilo de vida. Si buscas alguien que conozca el mercado y que realmente se preocupe por lo que necesitas, est\u00e1s en el lugar correcto.<\/p>\n<\/div><\/div><\/div>\n<\/div><\/div>\n\n\n\n<div class=\"wp-block-uagb-separator uagb-block-f8c7d447 wp-block-uagb-separator--icon\"><div class=\"uagb-separator-spacing-wrapper\"><div class=\"wp-block-uagb-separator__inner\" style=\"--my-background-image:\"><div class=\"wp-block-uagb-separator-element\"><svg xmlns=\"https:\/\/www.w3.org\/2000\/svg\" viewBox=\"0 0 576 512\"><path d=\"M482.8 134.1C494 142.3 498.7 156.7 494.4 169.9C490.1 183.1 477.9 192 464 192H447.4L447.7 265.2C446.1 266.1 444.6 267.1 443.2 268.1C425.2 280.5 403 288.5 384 288.5C364.4 288.5 343.2 280.8 324.8 268.1C302.8 252.6 273.3 252.6 251.2 268.1C234 279.9 213.2 288.5 192 288.5C172.1 288.5 150.8 280.5 132.9 268.1C131.3 267 129.7 265.1 128 265V192H112C98.14 192 85.86 183.1 81.57 169.9C77.28 156.7 81.97 142.3 93.18 134.1L269.2 6.12C280.4-2.04 295.6-2.04 306.8 6.12L482.8 134.1zM269.5 309.9C280.6 302 295.4 302 306.5 309.9C328.1 325.4 356.5 336 384 336C410.9 336 439.4 325.2 461.4 309.9L461.5 309.9C473.4 301.4 489.5 302.1 500.7 311.6C515 323.5 533.2 332.6 551.3 336.8C568.5 340.8 579.2 358.1 575.2 375.3C571.2 392.5 553.1 403.2 536.7 399.2C512.2 393.4 491.9 382.6 478.5 374.2C449.5 389.7 417 400 384 400C352.1 400 323.4 390.1 303.6 381.1C297.7 378.5 292.5 375.8 288 373.4C283.5 375.8 278.3 378.5 272.4 381.1C252.6 390.1 223.9 400 192 400C158.1 400 126.5 389.7 97.5 374.2C84.12 382.6 63.79 393.4 39.27 399.2C22.06 403.2 4.854 392.5 .8426 375.3C-3.169 358.1 7.532 340.8 24.74 336.8C42.84 332.6 60.96 323.5 75.31 311.6C86.46 302.1 102.6 301.4 114.5 309.9L114.6 309.9C136.7 325.2 165.1 336 192 336C219.5 336 247 325.4 269.5 309.9H269.5zM461.4 421.9L461.5 421.9C473.4 413.4 489.5 414.1 500.7 423.6C515 435.5 533.2 444.6 551.3 448.8C568.5 452.8 579.2 470.1 575.2 487.3C571.2 504.5 553.1 515.2 536.7 511.2C512.2 505.4 491.9 494.6 478.5 486.2C449.5 501.7 417 512 384 512C352.1 512 323.4 502.1 303.6 493.1C297.7 490.5 292.5 487.8 288 485.4C283.5 487.8 278.3 490.5 272.4 493.1C252.6 502.1 223.9 512 192 512C158.1 512 126.5 501.7 97.5 486.2C84.12 494.6 63.79 505.4 39.27 511.2C22.06 515.2 4.853 504.5 .8422 487.3C-3.169 470.1 7.532 452.8 24.74 448.8C42.84 444.6 60.96 435.5 75.31 423.6C86.46 414.1 102.6 413.4 114.5 421.9L114.6 421.9C136.7 437.2 165.1 448 192 448C219.5 448 247 437.4 269.5 421.9C280.6 414 295.4 414 306.5 421.9C328.1 437.4 356.5 448 384 448C410.9 448 439.4 437.2 461.4 421.9H461.4z\"><\/path><\/svg><\/div><\/div><\/div><\/div>\n\n\n\n<div class=\"wp-block-stackable-columns stk-block-columns stk-block stk-e051170\" data-block-id=\"e051170\"><style>.stk-e051170 .stk--block-align-e051170{align-items:center !important;}<\/style><div class=\"stk-row stk-inner-blocks stk--block-align-e051170 stk-block-content stk-content-align stk-e051170-column\">\n<div class=\"wp-block-stackable-column stk-block-column stk-column stk-block stk-59cc84a\" data-v=\"4\" data-block-id=\"59cc84a\"><div class=\"stk-column-wrapper stk-block-column__content stk-container stk-59cc84a-container stk--no-background stk--no-padding\"><div class=\"stk-block-content stk-inner-blocks stk-59cc84a-inner-blocks\">\n<div class=\"wp-block-stackable-image stk-block-image stk-block stk-ec76a10\" data-block-id=\"ec76a10\"><style>.stk-ec76a10 .stk-img-wrapper{width:100% !important;height:420px !important;}@media screen and (max-width: 767px){.stk-ec76a10 .stk-img-wrapper{height:300px !important;}}<\/style><figure><span class=\"stk-img-wrapper stk-image--shape-stretch\"><img loading=\"lazy\" decoding=\"async\" class=\"stk-img wp-image-3288\" src=\"https:\/\/cabolivingmx.com\/wp-content\/uploads\/2025\/07\/JESS.jpg\" width=\"1600\" height=\"1066\" srcset=\"https:\/\/cabolivingmx.com\/wp-content\/uploads\/2025\/07\/JESS.jpg 1600w, https:\/\/cabolivingmx.com\/wp-content\/uploads\/2025\/07\/JESS-300x200.jpg 300w, https:\/\/cabolivingmx.com\/wp-content\/uploads\/2025\/07\/JESS-1024x682.jpg 1024w, https:\/\/cabolivingmx.com\/wp-content\/uploads\/2025\/07\/JESS-768x512.jpg 768w, https:\/\/cabolivingmx.com\/wp-content\/uploads\/2025\/07\/JESS-1536x1023.jpg 1536w\" sizes=\"auto, (max-width: 1600px) 100vw, 1600px\" \/><\/span><\/figure><\/div>\n\n\n\n<div class=\"wp-block-stackable-button-group stk-block-button-group stk-block stk-11caffd\" data-block-id=\"11caffd\"><div class=\"stk-row stk-inner-blocks has-text-align-center stk-block-content stk-button-group\">\n<div class=\"wp-block-stackable-icon-button stk-block-icon-button stk-block stk-09b5dae\" data-block-id=\"09b5dae\"><style>.stk-09b5dae .stk-button{background:var(--ast-global-color-1) !important;}<\/style><a class=\"stk-link stk-button stk--hover-effect-darken\" href=\"https:\/\/www.facebook.com\/share\/1Yc9aKbamW\/?mibextid=wwXIfr\"><span class=\"stk--svg-wrapper\"><div class=\"stk--inner-svg\"><svg data-prefix=\"fab\" data-icon=\"facebook-square\" class=\"svg-inline--fa fa-facebook-square fa-w-14\" xmlns=\"http:\/\/www.w3.org\/2000\/svg\" viewBox=\"0 0 448 512\" aria-hidden=\"true\" width=\"32\" height=\"32\"><path fill=\"currentColor\" d=\"M400 32H48A48 48 0 0 0 0 80v352a48 48 0 0 0 48 48h137.25V327.69h-63V256h63v-54.64c0-62.15 37-96.48 93.67-96.48 27.14 0 55.52 4.84 55.52 4.84v61h-31.27c-30.81 0-40.42 19.12-40.42 38.73V256h68.78l-11 71.69h-57.78V480H400a48 48 0 0 0 48-48V80a48 48 0 0 0-48-48z\"><\/path><\/svg><\/div><\/span><\/a><\/div>\n\n\n\n<div class=\"wp-block-stackable-icon-button stk-block-icon-button stk-block stk-518f89b\" data-block-id=\"518f89b\"><style>.stk-518f89b .stk-button{background:var(--ast-global-color-1) !important;}<\/style><a class=\"stk-link stk-button stk--hover-effect-darken\" href=\"https:\/\/www.instagram.com\/jess.rgz?igsh=MXZ1ZTU3bGtlYnUzcQ==\"><span class=\"stk--svg-wrapper\"><div class=\"stk--inner-svg\"><svg data-prefix=\"fab\" data-icon=\"instagram\" class=\"svg-inline--fa fa-instagram fa-w-14\" xmlns=\"http:\/\/www.w3.org\/2000\/svg\" viewBox=\"0 0 448 512\" aria-hidden=\"true\" width=\"32\" height=\"32\"><path fill=\"currentColor\" d=\"M224.1 141c-63.6 0-114.9 51.3-114.9 114.9s51.3 114.9 114.9 114.9S339 319.5 339 255.9 287.7 141 224.1 141zm0 189.6c-41.1 0-74.7-33.5-74.7-74.7s33.5-74.7 74.7-74.7 74.7 33.5 74.7 74.7-33.6 74.7-74.7 74.7zm146.4-194.3c0 14.9-12 26.8-26.8 26.8-14.9 0-26.8-12-26.8-26.8s12-26.8 26.8-26.8 26.8 12 26.8 26.8zm76.1 27.2c-1.7-35.9-9.9-67.7-36.2-93.9-26.2-26.2-58-34.4-93.9-36.2-37-2.1-147.9-2.1-184.9 0-35.8 1.7-67.6 9.9-93.9 36.1s-34.4 58-36.2 93.9c-2.1 37-2.1 147.9 0 184.9 1.7 35.9 9.9 67.7 36.2 93.9s58 34.4 93.9 36.2c37 2.1 147.9 2.1 184.9 0 35.9-1.7 67.7-9.9 93.9-36.2 26.2-26.2 34.4-58 36.2-93.9 2.1-37 2.1-147.8 0-184.8zM398.8 388c-7.8 19.6-22.9 34.7-42.6 42.6-29.5 11.7-99.5 9-132.1 9s-102.7 2.6-132.1-9c-19.6-7.8-34.7-22.9-42.6-42.6-11.7-29.5-9-99.5-9-132.1s-2.6-102.7 9-132.1c7.8-19.6 22.9-34.7 42.6-42.6 29.5-11.7 99.5-9 132.1-9s102.7-2.6 132.1 9c19.6 7.8 34.7 22.9 42.6 42.6 11.7 29.5 9 99.5 9 132.1s2.7 102.7-9 132.1z\"><\/path><\/svg><\/div><\/span><\/a><\/div>\n\n\n\n<div class=\"wp-block-stackable-icon-button stk-block-icon-button stk-block stk-0c8e9af\" data-block-id=\"0c8e9af\"><style>.stk-0c8e9af .stk-button{background:var(--ast-global-color-1) !important;}<\/style><a class=\"stk-link stk-button stk--hover-effect-darken\" href=\"https:\/\/cabolivingmx.com\/contact\/\"><span class=\"stk--svg-wrapper\"><div class=\"stk--inner-svg\"><svg xmlns=\"http:\/\/www.w3.org\/2000\/svg\" viewBox=\"0 0 512 512\" aria-hidden=\"true\" width=\"32\" height=\"32\"><path d=\"M64 112c-8.8 0-16 7.2-16 16v22.1L220.5 291.7c20.7 17 50.4 17 71.1 0L464 150.1V128c0-8.8-7.2-16-16-16H64zM48 212.2V384c0 8.8 7.2 16 16 16H448c8.8 0 16-7.2 16-16V212.2L322 328.8c-38.4 31.5-93.7 31.5-132 0L48 212.2zM0 128C0 92.7 28.7 64 64 64H448c35.3 0 64 28.7 64 64V384c0 35.3-28.7 64-64 64H64c-35.3 0-64-28.7-64-64V128z\"><\/path><\/svg><\/div><\/span><\/a><\/div>\n<\/div><\/div>\n<\/div><\/div><\/div>\n\n\n\n<div class=\"wp-block-stackable-column stk-block-column stk-column stk-block stk-9f83a3a\" data-v=\"4\" data-block-id=\"9f83a3a\"><div class=\"stk-column-wrapper stk-block-column__content stk-container stk-9f83a3a-container stk--no-background stk--no-padding\"><div class=\"stk-block-content stk-inner-blocks stk-9f83a3a-inner-blocks\">\n<div class=\"wp-block-stackable-heading stk-block-heading stk-block-heading--v2 stk-block stk-a7c887f\" id=\"title-1-placeholder\" data-block-id=\"a7c887f\"><style>.stk-a7c887f {margin-bottom:1px !important;}<\/style><h3 class=\"stk-block-heading__text has-text-align-center\">Jessica Rodr\u00edguez<\/h3><\/div>\n\n\n\n<div class=\"wp-block-stackable-subtitle stk-block-subtitle stk-block stk-bd679d8\" data-block-id=\"bd679d8\"><style>.stk-bd679d8 .stk-block-subtitle__text{font-size:var(--stk--preset--font-size--medium, 1rem) !important;}@media screen and (max-width: 1023px){.stk-bd679d8 .stk-block-subtitle__text{font-size:var(--stk--preset--font-size--medium, 1rem) !important;}}<\/style><p class=\"stk-block-subtitle__text stk-subtitle has-text-align-center\">Asesora Inmobiliario<\/p><\/div>\n\n\n\n<div class=\"wp-block-stackable-text stk-block-text stk-block stk-6b36bb9\" data-block-id=\"6b36bb9\"><p class=\"stk-block-text__text has-text-align-center\">Soy una profesional del sector inmobiliario con m\u00e1s de 12 a\u00f1os de experiencia, dedicada a brindar un servicio personalizado y de confianza a cada uno de mis clientes. Mi enfoque principal es entender y solventar las necesidades de quienes buscan invertir en una propiedad, ya sea con fines de inversi\u00f3n o para encontrar el hogar ideal.<\/p><\/div>\n\n\n\n<p class=\"has-text-align-center\">A lo largo de mi trayectoria he desarrollado un alto nivel de negociaci\u00f3n, compromiso y \u00e9tica profesional, lo que me permite representar a mis clientes con honestidad y eficiencia en cada transacci\u00f3n. Conozco a fondo el mercado y me esfuerzo por ofrecer siempre las mejores oportunidades, guiando a mis clientes en cada paso del proceso con claridad y seguridad.<\/p>\n\n\n\n<p class=\"has-text-align-center\">Mi misi\u00f3n es construir relaciones duraderas basadas en la confianza, ofreciendo un acompa\u00f1amiento integral para que cada decisi\u00f3n inmobiliaria sea un paso firme hacia el futuro&nbsp;que&nbsp;desean.<\/p>\n\n\n\n<p><\/p>\n\n\n\n<p><\/p>\n<\/div><\/div><\/div>\n<\/div><\/div>\n<\/div><\/div><\/div>\n<\/div><\/div>\n\n\n\n<p><\/p>\n","protected":false},"excerpt":{"rendered":"<p>Con\u00f3cenos &#8220;Somos un equipo altamente colaborativo y solidario, que trabaja en conjunto en cada proyecto para garantizar que nuestros clientes obtengan los mejores resultados posibles.&#8221; Victor Flores Asesor Inmobiliario \u00a1Hola! Soy V\u00edctor Flores, venezolano viviendo en Cabo San Lucas desde hace 6 a\u00f1os. Llegu\u00e9 con una sola meta: crecer, conectar y brindar un servicio de [&hellip;]<\/p>\n","protected":false},"author":1,"featured_media":0,"parent":0,"menu_order":0,"comment_status":"closed","ping_status":"closed","template":"","meta":{"_uag_custom_page_level_css":"","site-sidebar-layout":"no-sidebar","site-content-layout":"page-builder","ast-site-content-layout":"full-width-container","site-content-style":"unboxed","site-sidebar-style":"default","ast-global-header-display":"","ast-banner-title-visibility":"","ast-main-header-display":"","ast-hfb-above-header-display":"","ast-hfb-below-header-display":"","ast-hfb-mobile-header-display":"","site-post-title":"disabled","ast-breadcrumbs-content":"","ast-featured-img":"disabled","footer-sml-layout":"","theme-transparent-header-meta":"enabled","adv-header-id-meta":"","stick-header-meta":"","header-above-stick-meta":"","header-main-stick-meta":"","header-below-stick-meta":"","astra-migrate-meta-layouts":"set","ast-page-background-enabled":"default","ast-page-background-meta":{"desktop":{"background-color":"var(--ast-global-color-4)","background-image":"","background-repeat":"repeat","background-position":"center center","background-size":"auto","background-attachment":"scroll","background-type":"","background-media":"","overlay-type":"","overlay-color":"","overlay-opacity":"","overlay-gradient":""},"tablet":{"background-color":"","background-image":"","background-repeat":"repeat","background-position":"center center","background-size":"auto","background-attachment":"scroll","background-type":"","background-media":"","overlay-type":"","overlay-color":"","overlay-opacity":"","overlay-gradient":""},"mobile":{"background-color":"","background-image":"","background-repeat":"repeat","background-position":"center center","background-size":"auto","background-attachment":"scroll","background-type":"","background-media":"","overlay-type":"","overlay-color":"","overlay-opacity":"","overlay-gradient":""}},"ast-content-background-meta":{"desktop":{"background-color":"var(--ast-global-color-5)","background-image":"","background-repeat":"repeat","background-position":"center center","background-size":"auto","background-attachment":"scroll","background-type":"","background-media":"","overlay-type":"","overlay-color":"","overlay-opacity":"","overlay-gradient":""},"tablet":{"background-color":"var(--ast-global-color-5)","background-image":"","background-repeat":"repeat","background-position":"center center","background-size":"auto","background-attachment":"scroll","background-type":"","background-media":"","overlay-type":"","overlay-color":"","overlay-opacity":"","overlay-gradient":""},"mobile":{"background-color":"var(--ast-global-color-5)","background-image":"","background-repeat":"repeat","background-position":"center center","background-size":"auto","background-attachment":"scroll","background-type":"","background-media":"","overlay-type":"","overlay-color":"","overlay-opacity":"","overlay-gradient":""}},"footnotes":""},"class_list":["post-1324","page","type-page","status-publish","hentry"],"uagb_featured_image_src":{"full":false,"thumbnail":false,"medium":false,"medium_large":false,"large":false,"1536x1536":false,"2048x2048":false,"trp-custom-language-flag":false},"uagb_author_info":{"display_name":"vhcfloresweb@gmail.com","author_link":"https:\/\/cabolivingmx.com\/es_mx\/author\/vhcfloreswebgmail-com\/"},"uagb_comment_info":0,"uagb_excerpt":"Con\u00f3cenos &#8220;Somos un equipo altamente colaborativo y solidario, que trabaja en conjunto en cada proyecto para garantizar que nuestros clientes obtengan los mejores resultados posibles.&#8221; Victor Flores Asesor Inmobiliario \u00a1Hola! Soy V\u00edctor Flores, venezolano viviendo en Cabo San Lucas desde hace 6 a\u00f1os. Llegu\u00e9 con una sola meta: crecer, conectar y brindar un servicio de&hellip;","_links":{"self":[{"href":"https:\/\/cabolivingmx.com\/es_mx\/wp-json\/wp\/v2\/pages\/1324","targetHints":{"allow":["GET"]}}],"collection":[{"href":"https:\/\/cabolivingmx.com\/es_mx\/wp-json\/wp\/v2\/pages"}],"about":[{"href":"https:\/\/cabolivingmx.com\/es_mx\/wp-json\/wp\/v2\/types\/page"}],"author":[{"embeddable":true,"href":"https:\/\/cabolivingmx.com\/es_mx\/wp-json\/wp\/v2\/users\/1"}],"replies":[{"embeddable":true,"href":"https:\/\/cabolivingmx.com\/es_mx\/wp-json\/wp\/v2\/comments?post=1324"}],"version-history":[{"count":36,"href":"https:\/\/cabolivingmx.com\/es_mx\/wp-json\/wp\/v2\/pages\/1324\/revisions"}],"predecessor-version":[{"id":4021,"href":"https:\/\/cabolivingmx.com\/es_mx\/wp-json\/wp\/v2\/pages\/1324\/revisions\/4021"}],"wp:attachment":[{"href":"https:\/\/cabolivingmx.com\/es_mx\/wp-json\/wp\/v2\/media?parent=1324"}],"curies":[{"name":"wp","href":"https:\/\/api.w.org\/{rel}","templated":true}]}}