{"id":3,"date":"2025-07-04T20:19:59","date_gmt":"2025-07-04T20:19:59","guid":{"rendered":"http:\/\/cabolivingmx.com\/?page_id=3"},"modified":"2025-10-11T23:52:05","modified_gmt":"2025-10-11T23:52:05","slug":"privacy-policy","status":"publish","type":"page","link":"https:\/\/cabolivingmx.com\/en\/privacy-policy\/","title":{"rendered":"Privacy Notice"},"content":{"rendered":"<div class=\"wp-block-stackable-spacer stk-block-spacer stk--no-padding stk-block stk-7d0ce6a\" data-block-id=\"7d0ce6a\"><style>.stk-7d0ce6a {height:150px !important;}<\/style><\/div>\n\n\n\n<div class=\"wp-block-stackable-columns alignfull stk-block-columns stk-block stk-854bff9\" data-block-id=\"854bff9\"><style>.stk-854bff9 {margin-top:var(--stk--preset--spacing--70, 3.38rem) !important;margin-bottom:var(--stk--preset--spacing--70, 3.38rem) !important;}<\/style><div class=\"stk-row stk-inner-blocks stk-block-content stk-content-align stk-854bff9-column alignwide\">\n<div class=\"wp-block-stackable-column stk-block-column stk-column stk-block stk-5d9a149\" data-v=\"4\" data-block-id=\"5d9a149\"><div class=\"stk-column-wrapper stk-block-column__content stk-container stk-5d9a149-container stk--no-background stk--no-padding\"><div class=\"stk-block-content stk-inner-blocks stk-5d9a149-inner-blocks\">\n<div class=\"wp-block-stackable-heading stk-block-heading stk-block-heading--v2 stk-block stk-f1ca93c\" id=\"heading-placeholder\" data-block-id=\"f1ca93c\"><style>.stk-f1ca93c {padding-right:15px !important;padding-left:15px !important;}<\/style><h1 class=\"stk-block-heading__text\">Comprehensive Privacy Notice \u2014 CaboLiving<\/h1><\/div>\n<\/div><\/div><\/div>\n<\/div><\/div>\n\n\n\n<div class=\"wp-block-stackable-text stk-block-text stk-block stk-895a490\" data-block-id=\"895a490\"><style>@media screen and (max-width: 767px){.stk-895a490 {padding-right:15px !important;padding-left:15px !important;}}<\/style><p class=\"stk-block-text__text\">Jessica Berenice Rodr\u00edguez and V\u00edctor Hugo Flores (hereinafter \u201cThe Agency\u201d), with address located at Calle Miguel \u00c1ngel Herrera, s\/n, colonia Lienzo Charro, Edificio Altaterra, Cabo San Lucas, Baja California Sur, Mexico, recognize the importance of the legitimate, controlled and informed treatment of personal data, for which they make available to their clients (hereinafter the \u201cOwner\u201d) this Comprehensive Privacy Notice (hereinafter the \u201cPrivacy Notice\u201d), which will be applicable to the information provided when contracting our services or collected from our official social networks (\u201cSocial Networks\u201d), official website (https:\/\/cabolivingmx.com\/), in our offices and\/or through our sales agents (\u201cReal Estate Agents\u201d).<\/p><\/div>\n\n\n\n<div class=\"wp-block-uagb-advanced-heading uagb-block-c1a33b4a\"><h2 class=\"uagb-heading-text\">Informaci\u00f3n, dudas y aclaraciones<\/h2><\/div>\n\n\n\n<div class=\"wp-block-stackable-text stk-block-text stk-block stk-11e3d41\" data-block-id=\"11e3d41\"><style>.stk-11e3d41 {padding-right:15px !important;padding-left:15px !important;}<\/style><p class=\"stk-block-text__text\">Address: Miguel \u00c1ngel Herrera Street, s\/n, Colonia Lienzo Charro, Altaterra Building, Cabo San Lucas, Baja California Sur, Mexico<br>Phone: 624 119 9039<br>Emails: vhcfloresweb@gmail.com, jessrgz.realestate@gmail.com<br>Business Hours: Monday to Friday from 9:00 a.m. to 5:00 p.m.<\/p><\/div>\n\n\n\n<p><\/p>\n\n\n\n<div class=\"wp-block-stackable-heading stk-block-heading stk-block-heading--v2 stk-block stk-89f5e72\" id=\"1-que-datos-personales-recabamos-de-nuestros-clientes-y-o-usuarios\" data-block-id=\"89f5e72\"><style>.stk-89f5e72 {padding-top:30px !important;padding-right:15px !important;padding-bottom:30px !important;padding-left:15px !important;margin-top:50px !important;}<\/style><h2 class=\"stk-block-heading__text\">1.- What personal data do we collect from our clients and\/or users?<\/h2><\/div>\n\n\n\n<div class=\"wp-block-stackable-text stk-block-text stk-block stk-ded8f15\" data-block-id=\"ded8f15\"><style>@media screen and (max-width: 767px){.stk-ded8f15 {padding-right:15px !important;padding-left:15px !important;}}<\/style><p class=\"stk-block-text__text\">If you contact us for prospecting, promotion, or sales purposes, or if you are interested in any property from our product catalog, we will request the following identification information:<\/p><\/div>\n\n\n\n<ul style=\"margin-right:15px;margin-left:15px;padding-right:15px;padding-left:15px\" class=\"wp-block-list\">\n<li>Name(s) and Last Name(s)<\/li>\n\n\n\n<li>Age<\/li>\n\n\n\n<li>Sex<\/li>\n\n\n\n<li>Marital Status<\/li>\n\n\n\n<li>CURP (For mexican citizens)<\/li>\n\n\n\n<li>Address<\/li>\n\n\n\n<li>Home phone and cell phone<\/li>\n\n\n\n<li>E-mail<\/li>\n<\/ul>\n\n\n\n<div class=\"wp-block-stackable-text stk-block-text stk-block stk-75c9a53\" data-block-id=\"75c9a53\"><style>@media screen and (max-width: 767px){.stk-75c9a53 {padding-right:15px !important;padding-left:15px !important;}}<\/style><p class=\"stk-block-text__text\">If you have already established a business relationship with the Agent to purchase or sell a property, we will request the following additional personal data from you, depending on the nature of the primary service:<\/p><\/div>\n\n\n\n<ul style=\"margin-right:15px;margin-left:15px;padding-right:15px;padding-left:15px\" class=\"wp-block-list\">\n<li>INE (for mexican citizens), driver's license, passport, other oficial ID's<\/li>\n\n\n\n<li>Date of birth<\/li>\n\n\n\n<li>Banking information (account number, CLABE, financial institution)<\/li>\n\n\n\n<li>Bank statement<\/li>\n\n\n\n<li>Activity and\/or commercial line of business<\/li>\n\n\n\n<li>Credit history<\/li>\n\n\n\n<li>Registro Federal de Contribuyentes (RFC, for mexican citizens)<\/li>\n\n\n\n<li>Federal Taxpayer Address<\/li>\n\n\n\n<li>Public deeds of property<\/li>\n\n\n\n<li>Electricity and water bills<\/li>\n\n\n\n<li>Certificate of freedom from encumbrance<\/li>\n\n\n\n<li>Property plans<\/li>\n\n\n\n<li>Official number, property tax and cadastral code issued by a public notary<\/li>\n<\/ul>\n\n\n\n<div class=\"wp-block-stackable-heading stk-block-heading stk-block-heading--v2 stk-block stk-c84e78d\" id=\"2-como-recabamos-sus-datos-personales\" data-block-id=\"c84e78d\"><style>.stk-c84e78d {padding-right:15px !important;padding-left:15px !important;margin-top:50px !important;margin-bottom:30px !important;}<\/style><h2 class=\"stk-block-heading__text\">2.- How do we collect your personal data?<\/h2><\/div>\n\n\n\n<ul style=\"margin-right:15px;margin-left:15px;padding-right:15px;padding-left:15px\" class=\"wp-block-list\">\n<li>In person at our offices<\/li>\n\n\n\n<li>Through our real estate advisors<\/li>\n\n\n\n<li>Directly through our official social networks<\/li>\n\n\n\n<li>Directly when you provide your data through our website<\/li>\n<\/ul>\n\n\n\n<div class=\"wp-block-stackable-heading stk-block-heading stk-block-heading--v2 stk-block stk-47c9a79\" id=\"3-para-que-usamos-sus-datos-personales\" data-block-id=\"47c9a79\"><style>.stk-47c9a79 {padding-right:15px !important;padding-left:15px !important;margin-top:50px !important;margin-bottom:30px !important;}<\/style><h2 class=\"stk-block-heading__text\">3.- What do we use your personal data for?<\/h2><\/div>\n\n\n\n<div class=\"wp-block-stackable-text stk-block-text stk-block stk-6b2d6f5\" data-block-id=\"6b2d6f5\"><style>@media screen and (max-width: 767px){.stk-6b2d6f5 {padding-right:15px !important;padding-left:15px !important;}}<\/style><p class=\"stk-block-text__text\"><strong>Main purposes:<\/strong><\/p><\/div>\n\n\n\n<ul style=\"margin-right:15px;margin-left:15px;padding-right:15px;padding-left:15px\" class=\"wp-block-list\">\n<li>Provide real estate consultations and advice<\/li>\n\n\n\n<li>Compliance with the law<\/li>\n\n\n\n<li>Giving legal certainty to our actions<\/li>\n\n\n\n<li>Compliance with the Federal Law for the Prevention and Identification of Operations with Illicit Proceeds<\/li>\n\n\n\n<li>Compliance with intermediation contracts<\/li>\n\n\n\n<li>Manage letters of intent or purchase requests<\/li>\n\n\n\n<li>Confirm identity to determine legal or commercial feasibility<\/li>\n<\/ul>\n\n\n\n<div class=\"wp-block-stackable-text stk-block-text stk-block stk-0866fd8\" data-block-id=\"0866fd8\"><style>@media screen and (max-width: 767px){.stk-0866fd8 {padding-right:15px !important;padding-left:15px !important;}}<\/style><p class=\"stk-block-text__text\"><strong>Secondary purposes:<\/strong><\/p><\/div>\n\n\n\n<ul style=\"margin-right:15px;margin-left:15px;padding-right:15px;padding-left:15px\" class=\"wp-block-list\">\n<li>Advertising marketing and commercial prospecting<\/li>\n\n\n\n<li>Sending news, promotions and real estate pre-sales<\/li>\n\n\n\n<li>Post-sales advice<\/li>\n\n\n\n<li>Preparation and sending of invoices<\/li>\n\n\n\n<li>If you do not agree to your data being used for secondary purposes, you can express this by contacting us.<\/li>\n<\/ul>\n\n\n\n<div class=\"wp-block-stackable-heading stk-block-heading stk-block-heading--v2 stk-block stk-7944f78\" id=\"4-consentimiento-del-tratamiento-de-datos-personales\" data-block-id=\"7944f78\"><style>.stk-7944f78 {padding-right:15px !important;padding-left:15px !important;margin-top:50px !important;margin-bottom:30px !important;}<\/style><h2 class=\"stk-block-heading__text\">4.- Consent to the processing of personal data<\/h2><\/div>\n\n\n\n<p style=\"margin-right:0px;margin-left:0px;padding-right:15px;padding-left:15px\">The \"Owner\" expressly or tacitly grants consent, as appropriate, and has 8 business days to object to the processing through ARCO rights mechanisms.<\/p>\n\n\n\n<p style=\"margin-top:30px;margin-right:15px;margin-bottom:30px;margin-left:15px;padding-right:2px;padding-left:2px\">www.cabolivingmx.com es responsable del uso y protecci\u00f3n de los datos personales que nos proporcione. Recabamos datos como nombre, correo y tel\u00e9fono para contactarle, ofrecerle propiedades y enviarle informaci\u00f3n relevante del sector inmobiliario. Puede ejercer sus derechos ARCO y conocer el aviso completo en [enlace al aviso de privacidad]. \u00daltima actualizaci\u00f3n: 8 de agosto de 2025.<\/p>\n\n\n\n<div class=\"wp-block-stackable-spacer stk-block-spacer stk--no-padding stk-block stk-cd132d0\" data-block-id=\"cd132d0\"><\/div>","protected":false},"excerpt":{"rendered":"<p>Aviso de Privacidad Integral \u2014 CaboLiving Jessica Berenice Rodr\u00edguez y V\u00edctor Hugo Flores (en lo sucesivo \u201cEl Responsable\u201d), con domicilio ubicado en Calle Miguel \u00c1ngel Herrera, s\/n, colonia Lienzo Charro, Edificio Altaterra, Cabo San Lucas, Baja California Sur, M\u00e9xico, reconocen la importancia que tiene el tratamiento leg\u00edtimo, controlado e informado de datos personales, por lo [&hellip;]<\/p>","protected":false},"author":1,"featured_media":0,"parent":0,"menu_order":0,"comment_status":"closed","ping_status":"open","template":"","meta":{"_uag_custom_page_level_css":"","site-sidebar-layout":"default","site-content-layout":"","ast-site-content-layout":"default","site-content-style":"default","site-sidebar-style":"default","ast-global-header-display":"","ast-banner-title-visibility":"","ast-main-header-display":"","ast-hfb-above-header-display":"","ast-hfb-below-header-display":"","ast-hfb-mobile-header-display":"","site-post-title":"disabled","ast-breadcrumbs-content":"","ast-featured-img":"","footer-sml-layout":"","theme-transparent-header-meta":"","adv-header-id-meta":"","stick-header-meta":"","header-above-stick-meta":"","header-main-stick-meta":"","header-below-stick-meta":"","astra-migrate-meta-layouts":"set","ast-page-background-enabled":"default","ast-page-background-meta":{"desktop":{"background-color":"var(--ast-global-color-4)","background-image":"","background-repeat":"repeat","background-position":"center center","background-size":"auto","background-attachment":"scroll","background-type":"","background-media":"","overlay-type":"","overlay-color":"","overlay-opacity":"","overlay-gradient":""},"tablet":{"background-color":"","background-image":"","background-repeat":"repeat","background-position":"center center","background-size":"auto","background-attachment":"scroll","background-type":"","background-media":"","overlay-type":"","overlay-color":"","overlay-opacity":"","overlay-gradient":""},"mobile":{"background-color":"","background-image":"","background-repeat":"repeat","background-position":"center center","background-size":"auto","background-attachment":"scroll","background-type":"","background-media":"","overlay-type":"","overlay-color":"","overlay-opacity":"","overlay-gradient":""}},"ast-content-background-meta":{"desktop":{"background-color":"var(--ast-global-color-5)","background-image":"","background-repeat":"repeat","background-position":"center center","background-size":"auto","background-attachment":"scroll","background-type":"","background-media":"","overlay-type":"","overlay-color":"","overlay-opacity":"","overlay-gradient":""},"tablet":{"background-color":"var(--ast-global-color-5)","background-image":"","background-repeat":"repeat","background-position":"center center","background-size":"auto","background-attachment":"scroll","background-type":"","background-media":"","overlay-type":"","overlay-color":"","overlay-opacity":"","overlay-gradient":""},"mobile":{"background-color":"var(--ast-global-color-5)","background-image":"","background-repeat":"repeat","background-position":"center center","background-size":"auto","background-attachment":"scroll","background-type":"","background-media":"","overlay-type":"","overlay-color":"","overlay-opacity":"","overlay-gradient":""}},"footnotes":""},"class_list":["post-3","page","type-page","status-publish","hentry"],"uagb_featured_image_src":{"full":false,"thumbnail":false,"medium":false,"medium_large":false,"large":false,"1536x1536":false,"2048x2048":false,"trp-custom-language-flag":false},"uagb_author_info":{"display_name":"vhcfloresweb@gmail.com","author_link":"https:\/\/cabolivingmx.com\/en\/author\/vhcfloreswebgmail-com\/"},"uagb_comment_info":0,"uagb_excerpt":"Aviso de Privacidad Integral \u2014 CaboLiving Jessica Berenice Rodr\u00edguez y V\u00edctor Hugo Flores (en lo sucesivo \u201cEl Responsable\u201d), con domicilio ubicado en Calle Miguel \u00c1ngel Herrera, s\/n, colonia Lienzo Charro, Edificio Altaterra, Cabo San Lucas, Baja California Sur, M\u00e9xico, reconocen la importancia que tiene el tratamiento leg\u00edtimo, controlado e informado de datos personales, por lo&hellip;","_links":{"self":[{"href":"https:\/\/cabolivingmx.com\/en\/wp-json\/wp\/v2\/pages\/3","targetHints":{"allow":["GET"]}}],"collection":[{"href":"https:\/\/cabolivingmx.com\/en\/wp-json\/wp\/v2\/pages"}],"about":[{"href":"https:\/\/cabolivingmx.com\/en\/wp-json\/wp\/v2\/types\/page"}],"author":[{"embeddable":true,"href":"https:\/\/cabolivingmx.com\/en\/wp-json\/wp\/v2\/users\/1"}],"replies":[{"embeddable":true,"href":"https:\/\/cabolivingmx.com\/en\/wp-json\/wp\/v2\/comments?post=3"}],"version-history":[{"count":40,"href":"https:\/\/cabolivingmx.com\/en\/wp-json\/wp\/v2\/pages\/3\/revisions"}],"predecessor-version":[{"id":4027,"href":"https:\/\/cabolivingmx.com\/en\/wp-json\/wp\/v2\/pages\/3\/revisions\/4027"}],"wp:attachment":[{"href":"https:\/\/cabolivingmx.com\/en\/wp-json\/wp\/v2\/media?parent=3"}],"curies":[{"name":"wp","href":"https:\/\/api.w.org\/{rel}","templated":true}]}}